{"id":167,"date":"2019-07-19T10:34:32","date_gmt":"2019-07-19T10:34:32","guid":{"rendered":"https:\/\/wordpress.rolandriedel.de\/?page_id=167"},"modified":"2025-09-05T10:25:58","modified_gmt":"2025-09-05T10:25:58","slug":"referenzen-2-2","status":"publish","type":"page","link":"https:\/\/www.rolandriedel.de\/index.php\/referenzen-2-2\/","title":{"rendered":"Ansprechpartner"},"content":{"rendered":"<p>[et_pb_section fb_built=&#8220;1&#8243; use_custom_gutter=&#8220;on&#8220; specialty=&#8220;on&#8220; padding_top_bottom_link_1=&#8220;true&#8220; padding_left_right_link_1=&#8220;false&#8220; use_background_color_gradient_2=&#8220;off&#8220; background_color_gradient_start_2=&#8220;rgba(0,146,244,0.6)&#8220; background_color_gradient_end_2=&#8220;rgba(29,38,0,0)&#8220; background_color_gradient_direction_2=&#8220;171deg&#8220; background_color_gradient_overlays_image_2=&#8220;on&#8220; padding_top_1=&#8220;1vw&#8220; padding_right_1=&#8220;4vw&#8220; padding_bottom_1=&#8220;1vw&#8220; padding_left_1=&#8220;8vw&#8220; padding_1_tablet=&#8220;|10%||10%||true&#8220; padding_1_phone=&#8220;&#8220; padding_1_last_edited=&#8220;on|tablet&#8220; admin_label=&#8220;Header&#8220; _builder_version=&#8220;3.22&#8243; background_color=&#8220;rgba(224,221,217,0.44)&#8220; inner_width=&#8220;100%&#8220; inner_max_width=&#8220;100%&#8220; custom_margin=&#8220;0px||0px&#8220; custom_padding=&#8220;0|0px|0|0px|false|false&#8220; use_custom_width=&#8220;on&#8220; width_unit=&#8220;off&#8220; custom_width_percent=&#8220;100%&#8220;][et_pb_column type=&#8220;1_2&#8243; _builder_version=&#8220;3.25&#8243; custom_padding=&#8220;|||&#8220; padding_tablet__hover=&#8220;|10%||10%||true&#8220; padding_last_edited__hover=&#8220;on|tablet&#8220; padding_bottom__hover=&#8220;1vw&#8220; padding_left__hover=&#8220;8vw&#8220; padding_right__hover=&#8220;4vw&#8220; padding_top__hover=&#8220;1vw&#8220; parallax__hover=&#8220;off&#8220; parallax_method__hover=&#8220;on&#8220; padding_tablet=&#8220;|10%||10%||true&#8220; padding_last_edited=&#8220;on|tablet&#8220; custom_padding__hover=&#8220;|||&#8220;][et_pb_text _builder_version=&#8220;3.27.4&#8243; text_font=&#8220;||||||||&#8220; text_font_size=&#8220;18px&#8220; text_line_height=&#8220;2em&#8220; header_font=&#8220;Cormorant Garamond|700|||||||&#8220; header_font_size=&#8220;60px&#8220; header_line_height=&#8220;1.2em&#8220; custom_margin=&#8220;|||&#8220; text_font_size_tablet=&#8220;&#8220; text_font_size_phone=&#8220;16px&#8220; text_font_size_last_edited=&#8220;on|phone&#8220; header_font_size_tablet=&#8220;50px&#8220; header_font_size_phone=&#8220;40px&#8220; header_font_size_last_edited=&#8220;on|phone&#8220; locked=&#8220;off&#8220;]<\/p>\n<blockquote>\n<h1>&#8222;Als Orte der Erholung verdienen Garten und Landschaft eine besondere Aufmerksamkeit.&#8220;<\/h1>\n<\/blockquote>\n<p>[\/et_pb_text][\/et_pb_column][et_pb_column type=&#8220;1_2&#8243; specialty_columns=&#8220;2&#8243; _builder_version=&#8220;3.25&#8243; background_color_gradient_direction=&#8220;171deg&#8220; custom_padding=&#8220;|||&#8220; parallax__hover=&#8220;off&#8220; parallax_method__hover=&#8220;on&#8220; use_background_color_gradient__hover=&#8220;off&#8220; background_color_gradient_start__hover=&#8220;rgba(0,146,244,0.6)&#8220; background_color_gradient_end__hover=&#8220;rgba(29,38,0,0)&#8220; background_color_gradient_overlays_image__hover=&#8220;on&#8220; background_color_gradient_direction__hover=&#8220;171deg&#8220; custom_padding__hover=&#8220;|||&#8220;][et_pb_row_inner use_custom_gutter=&#8220;on&#8220; gutter_width=&#8220;1&#8243; _builder_version=&#8220;3.25&#8243; custom_padding=&#8220;0|0px|0|0px|false|false&#8220;][et_pb_column_inner saved_specialty_column_type=&#8220;1_2&#8243; _builder_version=&#8220;3.25&#8243; custom_padding=&#8220;|||&#8220; parallax__hover=&#8220;off&#8220; parallax_method__hover=&#8220;on&#8220; custom_padding__hover=&#8220;|||&#8220;][et_pb_image src=&#8220;https:\/\/www.rolandriedel.de\/wp-content\/uploads\/2024\/11\/WhatsApp-Image-2024-11-21-at-15.01.40-2.jpeg&#8220; title_text=&#8220;WhatsApp Image 2024-11-21 at 15.01.40&#8243; align_tablet=&#8220;center&#8220; align_phone=&#8220;&#8220; align_last_edited=&#8220;on|desktop&#8220; _builder_version=&#8220;4.7.7&#8243; custom_margin=&#8220;|||4px||&#8220; custom_padding=&#8220;|621px||||&#8220;][\/et_pb_image][et_pb_text _builder_version=&#8220;4.7.7&#8243; custom_margin=&#8220;20px||&#8220; custom_padding=&#8220;|||20px|false|false&#8220;]<\/p>\n<h3><span style=\"font-size: large;\"><strong>Matthias L\u00f6sch, Inhaber<\/strong><\/span><\/h3>\n<p>Seniorbauleitung, Landschaftsbau<\/p>\n<p>&nbsp;<\/p>\n<p>[\/et_pb_text][\/et_pb_column_inner][\/et_pb_row_inner][\/et_pb_column][\/et_pb_section][et_pb_section fb_built=&#8220;1&#8243; admin_label=&#8220;Features&#8220; _builder_version=&#8220;3.22&#8243; background_size=&#8220;initial&#8220; background_position=&#8220;top_left&#8220; custom_padding=&#8220;0|0px|0|0px|false|false&#8220;][et_pb_row column_structure=&#8220;1_3,1_3,1_3&#8243; _builder_version=&#8220;3.27.2&#8243; max_width=&#8220;80%&#8220; custom_margin=&#8220;||50px&#8220; custom_padding=&#8220;30px|0px|27px|0px|false|false&#8220; use_custom_width=&#8220;on&#8220; width_unit=&#8220;off&#8220; locked=&#8220;off&#8220;][et_pb_column type=&#8220;1_3&#8243; _builder_version=&#8220;3.25&#8243; custom_padding=&#8220;|||&#8220; custom_padding__hover=&#8220;|||&#8220;][et_pb_text _builder_version=&#8220;4.7.7&#8243;]<\/p>\n<h4>M.Eng<\/h4>\n<h4><strong>Henrik Parche<\/strong><\/h4>\n<p>Betriebsleitung, Prokurist<br \/>\nSachverst\u00e4ndiger f\u00fcr die Verkehrssicherheit von B\u00e4umen<br \/>\nFLL-zertifizierter Baumkontrolleur[\/et_pb_text][\/et_pb_column][et_pb_column type=&#8220;1_3&#8243; _builder_version=&#8220;3.25&#8243; custom_padding=&#8220;|||&#8220; custom_padding__hover=&#8220;|||&#8220;][et_pb_text _builder_version=&#8220;4.7.7&#8243;]<\/p>\n<h4>\u00a0M.Sc. hort<\/h4>\n<h4><b>Katrin Schobel<\/b><\/h4>\n<p>Betriebsleitung, Prokuristin<br \/> Sachverst\u00e4ndige f\u00fcr die Verkehrssicherheit von B\u00e4umen<br \/> FLL-zertifizierte Baumkontrolleurin<\/p>\n<p>[\/et_pb_text][\/et_pb_column][et_pb_column type=&#8220;1_3&#8243; _builder_version=&#8220;3.25&#8243; custom_padding=&#8220;|||&#8220; custom_padding__hover=&#8220;|||&#8220;][et_pb_text _builder_version=&#8220;4.7.7&#8243;]<\/p>\n<h4>B.Eng<\/h4>\n<h4><strong>Oliver West<\/strong><\/h4>\n<p>Juniorbauleitung, Landschaftsbau<\/p>\n<p>[\/et_pb_text][\/et_pb_column][\/et_pb_row][et_pb_row column_structure=&#8220;1_3,1_3,1_3&#8243; _builder_version=&#8220;3.25&#8243; max_width=&#8220;80%&#8220; custom_margin=&#8220;|auto|-1px|auto||&#8220; custom_padding=&#8220;13px|0px|27px|0px|false|false&#8220; use_custom_width=&#8220;on&#8220; width_unit=&#8220;off&#8220; locked=&#8220;off&#8220;][et_pb_column type=&#8220;1_3&#8243; _builder_version=&#8220;3.25&#8243; custom_padding=&#8220;|||&#8220; custom_padding__hover=&#8220;|||&#8220;][et_pb_text _builder_version=&#8220;4.7.7&#8243;]<\/p>\n<h4><strong>Claudia L\u00f6sch<\/strong><strong><\/strong><\/h4>\n<p>Buchhaltung[\/et_pb_text][\/et_pb_column][et_pb_column type=&#8220;1_3&#8243; _builder_version=&#8220;3.25&#8243; custom_padding=&#8220;|||&#8220; custom_padding__hover=&#8220;|||&#8220;][et_pb_text _builder_version=&#8220;4.7.7&#8243;]<\/p>\n<h4><b>Angelique Prellwitz<\/b><\/h4>\n<p>Sekretariat, Personalverwaltung[\/et_pb_text][\/et_pb_column][et_pb_column type=&#8220;1_3&#8243; _builder_version=&#8220;3.25&#8243; custom_padding=&#8220;|||&#8220; custom_padding__hover=&#8220;|||&#8220;][\/et_pb_column][\/et_pb_row][\/et_pb_section][et_pb_section fb_built=&#8220;1&#8243; specialty=&#8220;on&#8220; custom_padding_last_edited=&#8220;on|phone&#8220; padding_1_tablet=&#8220;|10%||10%||true&#8220; admin_label=&#8220;Footer&#8220; _builder_version=&#8220;4.2.2&#8243; use_background_color_gradient=&#8220;on&#8220; background_color_gradient_start=&#8220;rgba(255,255,255,0.51)&#8220; background_color_gradient_end=&#8220;rgba(29,38,0,0)&#8220; background_color_gradient_direction=&#8220;61deg&#8220; background_color_gradient_start_position=&#8220;23%&#8220; background_color_gradient_overlays_image=&#8220;on&#8220; background_image=&#8220;https:\/\/www.rolandriedel.de\/wp-content\/uploads\/2019\/07\/hintergrund2.jpg&#8220; custom_padding=&#8220;32px|0px|32px|0px|true|false&#8220; custom_padding_tablet=&#8220;&#8220; custom_padding_phone=&#8220;80px||80px||true&#8220; saved_tabs=&#8220;all&#8220;][et_pb_column type=&#8220;1_2&#8243; specialty_columns=&#8220;2&#8243; _builder_version=&#8220;3.25&#8243; custom_padding=&#8220;|||&#8220; padding_tablet__hover=&#8220;|10%||10%||true&#8220; parallax__hover=&#8220;off&#8220; parallax_method__hover=&#8220;on&#8220; padding_tablet=&#8220;|10%||10%||true&#8220; custom_padding__hover=&#8220;|||&#8220;][et_pb_row_inner padding_top_bottom_link_2=&#8220;true&#8220; padding_left_right_link_2=&#8220;true&#8220; _builder_version=&#8220;3.25&#8243; background_color=&#8220;rgba(255,255,255,0.73)&#8220; custom_padding=&#8220;|30px||30px|false|true&#8220;][et_pb_column_inner saved_specialty_column_type=&#8220;1_2&#8243; _builder_version=&#8220;3.25&#8243; custom_padding=&#8220;|||&#8220; parallax__hover=&#8220;off&#8220; parallax_method__hover=&#8220;on&#8220; custom_padding__hover=&#8220;|||&#8220;][et_pb_text _builder_version=&#8220;3.27.4&#8243; text_font=&#8220;||||||||&#8220; header_font=&#8220;||||||||&#8220; header_4_font=&#8220;|700||on|||||&#8220; header_4_text_color=&#8220;rgba(0,0,0,0.5)&#8220; header_4_font_size=&#8220;14px&#8220; header_4_letter_spacing=&#8220;1px&#8220; header_4_line_height=&#8220;1.5em&#8220;]<\/p>\n<h4>Sie m\u00f6chten einen Termin vereinbaren<\/h4>\n<p>[\/et_pb_text][et_pb_blurb title=&#8220;030-70 60 22 30&#8243; use_icon=&#8220;on&#8220; font_icon=&#8220;%%264%%&#8220; icon_color=&#8220;#293600&#8243; icon_placement=&#8220;left&#8220; use_icon_font_size=&#8220;on&#8220; icon_font_size=&#8220;20px&#8220; _builder_version=&#8220;3.27.2&#8243; header_font=&#8220;|700||on|||||&#8220; header_text_color=&#8220;#1d2600&#8243; header_font_size=&#8220;11px&#8220; header_letter_spacing=&#8220;2px&#8220; header_line_height=&#8220;1.8em&#8220; background_layout=&#8220;dark&#8220; custom_margin=&#8220;20px|||&#8220; animation=&#8220;off&#8220;][\/et_pb_blurb][et_pb_blurb title=&#8220;030-70 60 22 32&#8243; use_icon=&#8220;on&#8220; font_icon=&#8220;%%268%%&#8220; icon_color=&#8220;#293600&#8243; icon_placement=&#8220;left&#8220; use_icon_font_size=&#8220;on&#8220; icon_font_size=&#8220;20px&#8220; _builder_version=&#8220;3.27.2&#8243; header_font=&#8220;|700||on|||||&#8220; header_text_color=&#8220;#1d2600&#8243; header_font_size=&#8220;11px&#8220; header_letter_spacing=&#8220;2px&#8220; header_line_height=&#8220;1.8em&#8220; background_layout=&#8220;dark&#8220; custom_margin=&#8220;20px|||&#8220; animation=&#8220;off&#8220;][\/et_pb_blurb][et_pb_blurb use_icon=&#8220;on&#8220; font_icon=&#8220;%%238%%&#8220; icon_color=&#8220;#293600&#8243; icon_placement=&#8220;left&#8220; use_icon_font_size=&#8220;on&#8220; icon_font_size=&#8220;20px&#8220; _builder_version=&#8220;3.27.2&#8243; header_font=&#8220;|700||on|||||&#8220; header_text_color=&#8220;#1d2600&#8243; header_font_size=&#8220;11px&#8220; header_letter_spacing=&#8220;2px&#8220; header_line_height=&#8220;1.8em&#8220; background_layout=&#8220;dark&#8220; custom_margin=&#8220;20px|||&#8220; animation=&#8220;off&#8220;]<\/p>\n<p><a href=\"mailto:info@rolandriedel.de\"><strong>info@rolandriedel.de<\/strong><\/a><\/p>\n<p>[\/et_pb_blurb][et_pb_blurb title=&#8220;Sperenberger Str. 6  &#8211; 12277 Berlin&#8220; use_icon=&#8220;on&#8220; font_icon=&#8220;%%249%%&#8220; icon_color=&#8220;#293600&#8243; icon_placement=&#8220;left&#8220; use_icon_font_size=&#8220;on&#8220; icon_font_size=&#8220;20px&#8220; _builder_version=&#8220;4.7.7&#8243; header_font=&#8220;|700||on|||||&#8220; header_text_color=&#8220;#1d2600&#8243; header_font_size=&#8220;11px&#8220; header_letter_spacing=&#8220;2px&#8220; header_line_height=&#8220;1.8em&#8220; background_layout=&#8220;dark&#8220; custom_margin=&#8220;20px|||&#8220; animation=&#8220;off&#8220; hover_enabled=&#8220;0&#8243; sticky_enabled=&#8220;0&#8243;][\/et_pb_blurb][\/et_pb_column_inner][\/et_pb_row_inner][\/et_pb_column][et_pb_column type=&#8220;1_2&#8243; _builder_version=&#8220;3.25&#8243; custom_padding=&#8220;|||&#8220; parallax__hover=&#8220;off&#8220; parallax_method__hover=&#8220;on&#8220; custom_padding__hover=&#8220;|||&#8220;][\/et_pb_column][\/et_pb_section][et_pb_section fb_built=&#8220;1&#8243; _builder_version=&#8220;4.7.7&#8243; _module_preset=&#8220;default&#8220;][\/et_pb_section]<\/p>\n","protected":false},"excerpt":{"rendered":"<p>[et_pb_section fb_built=&#8220;1&#8243; use_custom_gutter=&#8220;on&#8220; specialty=&#8220;on&#8220; padding_top_bottom_link_1=&#8220;true&#8220; padding_left_right_link_1=&#8220;false&#8220; use_background_color_gradient_2=&#8220;off&#8220; background_color_gradient_start_2=&#8220;rgba(0,146,244,0.6)&#8220; background_color_gradient_end_2=&#8220;rgba(29,38,0,0)&#8220; background_color_gradient_direction_2=&#8220;171deg&#8220; background_color_gradient_overlays_image_2=&#8220;on&#8220; padding_top_1=&#8220;1vw&#8220; padding_right_1=&#8220;4vw&#8220; padding_bottom_1=&#8220;1vw&#8220; padding_left_1=&#8220;8vw&#8220; padding_1_tablet=&#8220;|10%||10%||true&#8220; padding_1_phone=&#8220;&#8220; padding_1_last_edited=&#8220;on|tablet&#8220; admin_label=&#8220;Header&#8220; _builder_version=&#8220;3.22&#8243; background_color=&#8220;rgba(224,221,217,0.44)&#8220; inner_width=&#8220;100%&#8220; inner_max_width=&#8220;100%&#8220; custom_margin=&#8220;0px||0px&#8220; custom_padding=&#8220;0|0px|0|0px|false|false&#8220; use_custom_width=&#8220;on&#8220; width_unit=&#8220;off&#8220; custom_width_percent=&#8220;100%&#8220;][et_pb_column type=&#8220;1_2&#8243; _builder_version=&#8220;3.25&#8243; custom_padding=&#8220;|||&#8220; padding_tablet__hover=&#8220;|10%||10%||true&#8220; padding_last_edited__hover=&#8220;on|tablet&#8220; padding_bottom__hover=&#8220;1vw&#8220; padding_left__hover=&#8220;8vw&#8220; padding_right__hover=&#8220;4vw&#8220; padding_top__hover=&#8220;1vw&#8220; parallax__hover=&#8220;off&#8220; parallax_method__hover=&#8220;on&#8220; padding_tablet=&#8220;|10%||10%||true&#8220; padding_last_edited=&#8220;on|tablet&#8220; custom_padding__hover=&#8220;|||&#8220;][et_pb_text _builder_version=&#8220;3.27.4&#8243; text_font=&#8220;||||||||&#8220; text_font_size=&#8220;18px&#8220; text_line_height=&#8220;2em&#8220; header_font=&#8220;Cormorant Garamond|700|||||||&#8220; header_font_size=&#8220;60px&#8220; header_line_height=&#8220;1.2em&#8220; custom_margin=&#8220;|||&#8220; text_font_size_tablet=&#8220;&#8220; text_font_size_phone=&#8220;16px&#8220; text_font_size_last_edited=&#8220;on|phone&#8220; header_font_size_tablet=&#8220;50px&#8220; [&hellip;]<\/p>\n","protected":false},"author":2,"featured_media":0,"parent":0,"menu_order":0,"comment_status":"closed","ping_status":"closed","template":"","meta":{"_et_pb_use_builder":"on","_et_pb_old_content":"<!-- wp:paragraph -->\n<p>This is an example page. It's different from a blog post because it will stay in one place and will show up in your site navigation (in most themes). Most people start with an About page that introduces them to potential site visitors. It might say something like this:<\/p>\n<!-- \/wp:paragraph -->\n\n<!-- wp:quote -->\n<blockquote class=\"wp-block-quote\"><p>Hi there! I'm a bike messenger by day, aspiring actor by night, and this is my website. I live in Los Angeles, have a great dog named Jack, and I like pi&#241;a coladas. (And gettin' caught in the rain.)<\/p><\/blockquote>\n<!-- \/wp:quote -->\n\n<!-- wp:paragraph -->\n<p>...or something like this:<\/p>\n<!-- \/wp:paragraph -->\n\n<!-- wp:quote -->\n<blockquote class=\"wp-block-quote\"><p>The XYZ Doohickey Company was founded in 1971, and has been providing quality doohickeys to the public ever since. Located in Gotham City, XYZ employs over 2,000 people and does all kinds of awesome things for the Gotham community.<\/p><\/blockquote>\n<!-- \/wp:quote -->\n\n<!-- wp:paragraph -->\n<p>As a new WordPress user, you should go to <a href=\"https:\/\/wordpress.rolandriedel.de\/wp-admin\/\">your dashboard<\/a> to delete this page and create new pages for your content. Have fun!<\/p>\n<!-- \/wp:paragraph -->","_et_gb_content_width":"","footnotes":""},"class_list":["post-167","page","type-page","status-publish","hentry"],"_links":{"self":[{"href":"https:\/\/www.rolandriedel.de\/index.php\/wp-json\/wp\/v2\/pages\/167","targetHints":{"allow":["GET"]}}],"collection":[{"href":"https:\/\/www.rolandriedel.de\/index.php\/wp-json\/wp\/v2\/pages"}],"about":[{"href":"https:\/\/www.rolandriedel.de\/index.php\/wp-json\/wp\/v2\/types\/page"}],"author":[{"embeddable":true,"href":"https:\/\/www.rolandriedel.de\/index.php\/wp-json\/wp\/v2\/users\/2"}],"replies":[{"embeddable":true,"href":"https:\/\/www.rolandriedel.de\/index.php\/wp-json\/wp\/v2\/comments?post=167"}],"version-history":[{"count":114,"href":"https:\/\/www.rolandriedel.de\/index.php\/wp-json\/wp\/v2\/pages\/167\/revisions"}],"predecessor-version":[{"id":1284,"href":"https:\/\/www.rolandriedel.de\/index.php\/wp-json\/wp\/v2\/pages\/167\/revisions\/1284"}],"wp:attachment":[{"href":"https:\/\/www.rolandriedel.de\/index.php\/wp-json\/wp\/v2\/media?parent=167"}],"curies":[{"name":"wp","href":"https:\/\/api.w.org\/{rel}","templated":true}]}}