{"id":2,"date":"2019-07-10T12:51:25","date_gmt":"2019-07-10T12:51:25","guid":{"rendered":"https:\/\/wordpress.rolandriedel.de\/?page_id=2"},"modified":"2020-01-22T10:11:12","modified_gmt":"2020-01-22T10:11:12","slug":"impressum-roland-riedel-garten-und-landschaftsbau","status":"publish","type":"page","link":"https:\/\/www.rolandriedel.de\/index.php\/impressum-roland-riedel-garten-und-landschaftsbau\/","title":{"rendered":"Datenschutz Garten- und Landschaftsbau Berlin"},"content":{"rendered":"<p>[et_pb_section fb_built=&#8220;1&#8243; admin_label=&#8220;About&#8220; _builder_version=&#8220;3.22&#8243; background_image=&#8220;https:\/\/wordpress.rolandriedel.de\/wp-content\/uploads\/2019\/07\/gardener-03.png&#8220; background_size=&#8220;initial&#8220; background_position=&#8220;top_left&#8220; fb_built=&#8220;1&#8243; _i=&#8220;0&#8243; _address=&#8220;0&#8243;][et_pb_row column_structure=&#8220;1_2,1_2&#8243; _builder_version=&#8220;3.25&#8243; custom_padding=&#8220;27px|0px|0|0px|false|false&#8220; locked=&#8220;off&#8220; _i=&#8220;0&#8243; _address=&#8220;0.0&#8243;][et_pb_column type=&#8220;1_2&#8243; _builder_version=&#8220;3.25&#8243; custom_padding=&#8220;|||&#8220; _i=&#8220;0&#8243; _address=&#8220;0.0.0&#8243; custom_padding__hover=&#8220;|||&#8220;][et_pb_text _builder_version=&#8220;3.27.2&#8243; text_font=&#8220;||||||||&#8220; text_font_size=&#8220;16px&#8220; text_line_height=&#8220;1.7em&#8220; header_font=&#8220;||||||||&#8220; header_3_font=&#8220;|700||on|||||&#8220; header_3_font_size=&#8220;20px&#8220; header_3_letter_spacing=&#8220;1px&#8220; header_3_line_height=&#8220;1.7em&#8220; hover_enabled=&#8220;0&#8243; text_font_size_phone=&#8220;14px&#8220; text_font_size_last_edited=&#8220;on|phone&#8220; locked=&#8220;off&#8220; _i=&#8220;0&#8243; _address=&#8220;0.0.0.0&#8243;]<\/p>\n<h3>Datenschutz der Firma Roland Riedel, Garten- und Landschaftsbau<\/h3>\n<p style=\"margin-bottom: 0cm;\">Datenschutz und Datenschutzerkl\u00e4rung, gesetzliche Informationspflichten gem\u00e4\u00df Datenschutz-Grundverordnung (DSGVO)<\/p>\n<p><strong>Name und Kontaktdaten des Verantwortlichen<\/strong><\/p>\n<p style=\"margin-bottom: 0cm;\">Die Datenverarbeitung erfolgt durch den Betreiber der Website. Kontaktdaten siehe Angaben im Impressum dieser Website.<\/p>\n<p>Wenn Sie Fragen zum Datenschutz haben, senden Sie uns bitte eine E-Mail an info@rolandriedel.de<a href=\"mailto:info@rolandriedel.de\"><\/a> oder wenden Sie sich unter der oben genannten bzw. der im Impressum angegebenen Anschrift direkt an die f\u00fcr den Datenschutz verantwortliche Person in unserer Organisation.<\/p>\n<p style=\"margin-bottom: 0cm;\">Erhebung und Speicherung personenbezogener Daten sowie Art und Zweck von deren Verwendung<\/p>\n<p style=\"margin-bottom: 0cm;\"><strong>Erfassung allgemeiner Informationen beim Besuch unserer Website (Server-Logfiles)<\/strong><\/p>\n<p>Jeder Aufruf unsere Website (z.B. \u00fcber Ihren Browser) inkl. der darin enthaltenen Dateien sowie jeder sonstige Zugriff auf unserer Website (auf die z.B. \u00fcber http bzw. ftp bereit gestellten Dateien und Dienste) wird auf dem Server in sogenannten Server-Logfiles protokolliert und tempor\u00e4r gespeichert.<\/p>\n<p>Hier handelt es sich ausschlie\u00dflich um Informationen, die keine R\u00fcckschl\u00fcsse auf Ihre Person zulassen.<\/p>\n<p><strong>Protokolliert werden:<\/strong><\/p>\n<ul>\n<li>\n<p style=\"margin-bottom: 0cm;\">Datum und Uhrzeit des Zugriffs<\/p>\n<\/li>\n<li>\n<p style=\"margin-bottom: 0cm;\">IP-Adresse des anfragenden Rechner<\/p>\n<\/li>\n<li>\n<p style=\"margin-bottom: 0cm;\">Methode des Zugriffs<\/p>\n<\/li>\n<li>\n<p style=\"margin-bottom: 0cm;\">Name\/ Pfad der abgerufenen Datei<\/p>\n<\/li>\n<li>\n<p style=\"margin-bottom: 0cm;\">Query String, Parameter beim Senden einer Abfrage<\/p>\n<\/li>\n<li>\n<p style=\"margin-bottom: 0cm;\">Netzwerk-Port<\/p>\n<\/li>\n<li>\n<p style=\"margin-bottom: 0cm;\">IP-Adresse des Webservers<\/p>\n<\/li>\n<li>verwendeter Webbrowser (User-Agent), diese Angabe kann ggfls. Hinweise zur Art Ihres Betriebssystems sowie unterst\u00fctzten Browserfunktionen enthalten<\/li>\n<li>Website-Url, von der aus der Zugriff erfolgte (Referrer-URL)<\/li>\n<li>Meldung \u00fcber Zugriffs-Status (z.B. erfolgreich, fehlerhaft mit Fehlernummer)<\/li>\n<\/ul>\n<p>Systembedingt sind diese Informationen bei der Nutzung des Internets technisch notwendig, um die von Ihnen angeforderten Inhalte von Webseiten und Services korrekt auszuliefern.<\/p>\n<p><strong>Daten werden durch uns zu folgenden Zwecken verarbeitet:<\/strong><\/p>\n<ul>\n<li>Gew\u00e4hrleistung eines reibungslosen Verbindungsaufbaus der Website<\/li>\n<li>Gew\u00e4hrleistung einer komfortablen und reibungslosen Nutzung unserer Website<\/li>\n<li>Auswertung der Systemsicherheit und -stabilit\u00e4t sowie<\/li>\n<li>zu weiteren administrativen Zwecken.<\/li>\n<\/ul>\n<p>Rechtsgrundlage f\u00fcr die Datenverarbeitung ist Art. 6 Abs. 1 S. 1 lit. f) DSGVO. Die Verarbeitung Ihrer personenbezogenen Daten basiert auf unserem berechtigten Interesse aus den zuvor genannten Zwecken zur Datenerhebung. Wir verwenden Ihre Daten nicht, um R\u00fcckschl\u00fcsse auf Ihre Person zu ziehen. Empf\u00e4nger der Daten sind nur die verantwortliche Stelle und ggf. Auftragsverarbeiter.<\/p>\n<p><strong>Bei Nutzung unseres Email-Kontakts<\/strong><\/p>\n<p>\u00dcber ein, auf der Website bereitgestelltes Formular sowie per Email k\u00f6nnen Sie Fragen jeglicher Art an uns stellen und Kontakt zu uns aufnehmen. Damit wir wissen von wem die Anfrage stammt und diese bearbeiten und beantworten k\u00f6nnen, ist die Angabe eines Absenders in Form Ihrer g\u00fcltigen Email-Adresse erforderlich.<\/p>\n<p>Weitergehende personenbezogene Daten werden nur erfasst, wenn Sie diese Angaben freiwillig t\u00e4tigen.<br \/> Die Datenverarbeitung zum Zwecke der Kontaktaufnahme mit uns erfolgt nach Art. 6 Abs. 1 S. 1 lit. a) DSGVO auf Grundlage Ihrer freiwillig erteilten Einwilligung.<\/p>\n<p>Die in diesem Zusammenhang von uns erhobenen personenbezogenen Daten werden nach Erledigung der von Ihnen gestellten Anfrage gel\u00f6scht, wenn der Zweck f\u00fcr die Datenspeicherung entf\u00e4llt (z.B. nach abgeschlossener Bearbeitung Ihrer Anfrage) oder Sie uns zur L\u00f6schung gem\u00e4\u00df Art. 17 DSGVO auffordern bzw. Ihre Einwilligung zur Speicherung gem\u00e4\u00df Art. 7 Abs. 3 DSGVO widerrufen und zwingende gesetzliche Bestimmungen (z.B. gesetzliche Aufbewahrungsfristen) dem nicht entgegen stehen.<\/p>\n<p><strong>3.) Cookies<\/strong><\/p>\n<p>Wir setzen auf unserer Seite Cookies ein. Hierbei handelt es sich um kleine Dateien, die Ihr Browser automatisch erstellt und die auf Ihrem Endger\u00e4t (Laptop, Tablet, Smartphone o.\u00e4.) gespeichert werden, wenn Sie unsere Seite besuchen. Cookies richten auf Ihrem Endger\u00e4t keinen Schaden an, enthalten keine Viren, Trojaner oder sonstige Schadsoftware.<\/p>\n<p>In dem Cookie werden Informationen abgelegt, die sich jeweils im Zusammenhang mit dem spezifisch eingesetzten Endger\u00e4t ergeben. Dies bedeutet jedoch nicht, dass wir dadurch unmittelbar Kenntnis von Ihrer Identit\u00e4t erhalten.<\/p>\n<p>Der Einsatz von Cookies dient einerseits dazu, die Nutzung unseres Angebots f\u00fcr Sie angenehmer zu gestalten. So setzen wir sogenannte Session-Cookies ein, um zu erkennen, dass Sie einzelne Seiten unserer Website bereits besucht haben. Diese werden nach Verlassen unserer Seite automatisch gel\u00f6scht.<\/p>\n<p>Wir setzen zur Optimierung der Benutzerfreundlichkeit tempor\u00e4re Cookies ein, die f\u00fcr einen bestimmten festgelegten Zeitraum auf Ihrem Endger\u00e4t gespeichert werden. Besuchen Sie unsere Seite erneut, um unsere Dienste in Anspruch zu nehmen, wird automatisch erkannt, dass Sie bereits bei uns waren und welche Eingaben und Einstellungen sie get\u00e4tigt haben, um diese nicht noch einmal eingeben zu m\u00fcssen.<\/p>\n<p>Au\u00dferdem setzen wir Cookies ein, um die Nutzung unserer Website statistisch zu erfassen (WP Statistics) und zum Zwecke der Optimierung unseres Angebotes f\u00fcr Sie.<\/p>\n<p>Die durch Cookies verarbeiteten Daten sind f\u00fcr die genannten Zwecke zur Wahrung unserer berechtigten Interessen sowie der Dritter nach Art.6 Abs.1 S.1 lit. f DSGVO erforderlich.<\/p>\n<p>Die meisten Browser akzeptieren Cookies automatisch. Sie k\u00f6nnen Ihren Browser jedoch so konfigurieren, dass keine Cookies auf Ihrem Computer gespeichert werden oder stets ein Hinweis erscheint, bevor ein neuer Cookie angelegt wird. Die vollst\u00e4ndige Deaktivierung von Cookies kann jedoch dazu f\u00fchren, dass Sie nicht alle Funktionen unserer Website nutzen k\u00f6nnen.<\/p>\n<p>[\/et_pb_text][\/et_pb_column][et_pb_column type=&#8220;1_2&#8243; _builder_version=&#8220;3.25&#8243; custom_padding=&#8220;|||&#8220; _i=&#8220;1&#8243; _address=&#8220;0.0.1&#8243; custom_padding__hover=&#8220;|||&#8220;][et_pb_image src=&#8220;https:\/\/wordpress.rolandriedel.de\/wp-content\/uploads\/2019\/07\/gardener-19.jpg&#8220; align_tablet=&#8220;center&#8220; align_last_edited=&#8220;on|desktop&#8220; _builder_version=&#8220;3.27.2&#8243; custom_margin=&#8220;||0px|&#8220; animation_style=&#8220;slide&#8220; animation_direction=&#8220;top&#8220; animation_intensity_slide=&#8220;2%&#8220; hover_enabled=&#8220;0&#8243; _i=&#8220;0&#8243; _address=&#8220;0.0.1.0&#8243;][\/et_pb_image][et_pb_image src=&#8220;https:\/\/wordpress.rolandriedel.de\/wp-content\/uploads\/2019\/07\/gardener-01.png&#8220; align=&#8220;center&#8220; _builder_version=&#8220;3.23&#8243; use_background_color_gradient=&#8220;on&#8220; background_color_gradient_start=&#8220;#556e00&#8243; background_color_gradient_end=&#8220;#8db700&#8243; background_color_gradient_direction=&#8220;135deg&#8220; max_width=&#8220;146px&#8220; module_alignment=&#8220;right&#8220; always_center_on_mobile=&#8220;off&#8220; locked=&#8220;off&#8220; _i=&#8220;1&#8243; _address=&#8220;0.0.1.1&#8243;][\/et_pb_image][et_pb_text _builder_version=&#8220;3.27.2&#8243; text_font=&#8220;||||||||&#8220; text_font_size=&#8220;16px&#8220; text_line_height=&#8220;1.7em&#8220; header_font=&#8220;||||||||&#8220; header_3_font=&#8220;|700||on|||||&#8220; header_3_font_size=&#8220;20px&#8220; header_3_letter_spacing=&#8220;1px&#8220; header_3_line_height=&#8220;1.7em&#8220; hover_enabled=&#8220;0&#8243; text_font_size_phone=&#8220;14px&#8220; text_font_size_last_edited=&#8220;on|phone&#8220; locked=&#8220;off&#8220; _i=&#8220;2&#8243; _address=&#8220;0.0.1.2&#8243;]<\/p>\n<p><strong>Sie haben das Recht:<\/strong><\/p>\n<ul>\n<li>gem\u00e4\u00df Art. 15 DSGVO Auskunft \u00fcber Ihre von uns verarbeiteten personenbezogenen Daten zu verlangen\u00a0<\/li>\n<li>gem\u00e4\u00df Art. 16 DSGVO die unverz\u00fcgliche Berichtigung unrichtiger oder Vervollst\u00e4ndigung Ihrer bei uns gespeicherten personenbezogenen Daten zu verlangen\u00a0<\/li>\n<li>gem\u00e4\u00df Art. 17 DSGVO die unverz\u00fcgliche L\u00f6schung Ihrer bei uns gespeicherten personenbezogenen Daten zu verlangen\u00a0<\/li>\n<li>gem\u00e4\u00df Art. 18 DSGVO die Einschr\u00e4nkung der Verarbeitung Ihrer personenbezogenen Daten zu verlangen\u00a0<\/li>\n<li>gem\u00e4\u00df Art. 20 DSGVO die Sie betreffenden personenbezogenen Daten, die Sie uns bereitgestellt haben, in einem strukturierten, g\u00e4ngigen und maschinenlesbaren Format zu erhalten oder die \u00dcbermittlung an einen anderen Verantwortlichen zu verlangen\u00a0<\/li>\n<li>gem\u00e4\u00df Art. 7 Abs. 3 DSGVO Ihre einmal erteilte Einwilligung jederzeit gegen\u00fcber uns zu widerrufen\u00a0<\/li>\n<li>gem\u00e4\u00df Art. 77 DSGVO sich bei einer Aufsichtsbeh\u00f6rde zu beschweren. Eine Liste der Aufsichtsbeh\u00f6rden (f\u00fcr den nicht\u00f6ffentlichen Bereich) mit Anschrift finden Sie unter: <a href=\"https:\/\/www.bfdi.bund.de\/DE\/Infothek\/Anschriften_Links\/anschriften_links-node.html.\" target=\"_blank\" rel=\"noopener noreferrer\" title=\"Kontakt zu BFDI\">https:\/\/www.bfdi.bund.de\/DE\/Infothek\/Anschriften_Links\/anschriften_links-node.html.<\/a>\u00a0<\/li>\n<\/ul>\n<p><strong>Widerspruchsrecht<\/strong><\/p>\n<p>Werden Ihre personenbezogenen Daten auf Grundlage von berechtigten Interessen gem\u00e4\u00df Art. 6 Abs. 1 S. 1 lit. f) DSGVO verarbeitet, so haben Sie das Recht, gem\u00e4\u00df Art. 21 DSGVO Widerspruch gegen die Verarbeitung Ihrer personenbezogenen Daten einzulegen, wenn daf\u00fcr Gr\u00fcnde vorliegen, die sich aus Ihrer besonderen Situation ergeben oder sich der Widerspruch gegen Direktwerbung richtet. Zu letzteren Fall haben Sie ein generelles Widerspruchsrecht, das ohne Angabe einer besonderen Situation von uns umgesetzt wird.<\/p>\n<p>Sofern Sie von Ihrem Widerrufs- oder Widerspruchsrecht Gebrauch machen m\u00f6chten, senden Sie uns bitte eine Email an die oben unter \u201eKontaktdaten des Verantwortlichen\u201c angegebene Adresse.<\/p>\n<p style=\"margin-bottom: 0cm;\"><strong>\u00c4nderung dieser Datenschutzerkl\u00e4rung<\/strong><\/p>\n<p>Diese Datenschutzerkl\u00e4rung ist aktuell g\u00fcltig und hat den Stand Mai 2018. Wir behalten uns vor, diese Datenschutzerkl\u00e4rung anzupassen. F\u00fcr Ihren Besuch gilt jeweils die aktuell g\u00fcltige Datenschutzerkl\u00e4rung. Die jeweils aktuelle Datenschutzerkl\u00e4rung kann auf unserer\/ dieser Website von Ihnen abgerufen und ausgedruckt werden.<\/p>\n<p><strong>Online-Streitbeilegung gem\u00e4\u00df Art. 14 Abs. 1 ODR-VO:<\/strong><\/p>\n<p>Die Europ\u00e4ische Kommission stellt eine Plattform zur Online-Streitbeilegung (OS) bereit, die Sie unter<br \/> <a href=\"http:\/\/ec.europa.eu\/consumers\/odr\/\" target=\"_blank\" rel=\"noopener noreferrer\">http:\/\/ec.europa.eu\/consumers\/odr\/<\/a> finden.<\/p>\n<p><strong>Haftungsausschlu\u00df<\/strong><\/p>\n<p>Trotz sorgf\u00e4ltiger inhaltlicher Kontrolle \u00fcbernehmen wir keine Haftung f\u00fcr die Inhalte zu externen Verweisen (Links). F\u00fcr den Inhalt der verlinkten Seiten sind ausschlie\u00dflich deren Betreiber verantwortlich. Die Nutzung der Webseite erfolgt auf eigene Gefahr.<\/p>\n<p>[\/et_pb_text][et_pb_text _builder_version=&#8220;3.19.12&#8243; _i=&#8220;3&#8243; _address=&#8220;0.0.1.3&#8243;][\/et_pb_text][\/et_pb_column][\/et_pb_row][\/et_pb_section]<\/p>\n","protected":false},"excerpt":{"rendered":"<p>[et_pb_section fb_built=&#8220;1&#8243; admin_label=&#8220;About&#8220; _builder_version=&#8220;3.22&#8243; background_image=&#8220;https:\/\/wordpress.rolandriedel.de\/wp-content\/uploads\/2019\/07\/gardener-03.png&#8220; background_size=&#8220;initial&#8220; background_position=&#8220;top_left&#8220; fb_built=&#8220;1&#8243; _i=&#8220;0&#8243; _address=&#8220;0&#8243;][et_pb_row column_structure=&#8220;1_2,1_2&#8243; _builder_version=&#8220;3.25&#8243; custom_padding=&#8220;27px|0px|0|0px|false|false&#8220; locked=&#8220;off&#8220; _i=&#8220;0&#8243; _address=&#8220;0.0&#8243;][et_pb_column type=&#8220;1_2&#8243; _builder_version=&#8220;3.25&#8243; custom_padding=&#8220;|||&#8220; _i=&#8220;0&#8243; _address=&#8220;0.0.0&#8243; custom_padding__hover=&#8220;|||&#8220;][et_pb_text _builder_version=&#8220;3.27.2&#8243; text_font=&#8220;||||||||&#8220; text_font_size=&#8220;16px&#8220; text_line_height=&#8220;1.7em&#8220; header_font=&#8220;||||||||&#8220; header_3_font=&#8220;|700||on|||||&#8220; header_3_font_size=&#8220;20px&#8220; header_3_letter_spacing=&#8220;1px&#8220; header_3_line_height=&#8220;1.7em&#8220; hover_enabled=&#8220;0&#8243; text_font_size_phone=&#8220;14px&#8220; text_font_size_last_edited=&#8220;on|phone&#8220; locked=&#8220;off&#8220; _i=&#8220;0&#8243; _address=&#8220;0.0.0.0&#8243;] Datenschutz der Firma Roland Riedel, Garten- und Landschaftsbau Datenschutz und Datenschutzerkl\u00e4rung, gesetzliche Informationspflichten gem\u00e4\u00df Datenschutz-Grundverordnung (DSGVO) Name und [&hellip;]<\/p>\n","protected":false},"author":1,"featured_media":0,"parent":0,"menu_order":0,"comment_status":"closed","ping_status":"closed","template":"","meta":{"_et_pb_use_builder":"on","_et_pb_old_content":"<!-- wp:paragraph -->\n<p>This is an example page. It's different from a blog post because it will stay in one place and will show up in your site navigation (in most themes). Most people start with an About page that introduces them to potential site visitors. It might say something like this:<\/p>\n<!-- \/wp:paragraph -->\n\n<!-- wp:quote -->\n<blockquote class=\"wp-block-quote\"><p>Hi there! I'm a bike messenger by day, aspiring actor by night, and this is my website. I live in Los Angeles, have a great dog named Jack, and I like pi&#241;a coladas. (And gettin' caught in the rain.)<\/p><\/blockquote>\n<!-- \/wp:quote -->\n\n<!-- wp:paragraph -->\n<p>...or something like this:<\/p>\n<!-- \/wp:paragraph -->\n\n<!-- wp:quote -->\n<blockquote class=\"wp-block-quote\"><p>The XYZ Doohickey Company was founded in 1971, and has been providing quality doohickeys to the public ever since. Located in Gotham City, XYZ employs over 2,000 people and does all kinds of awesome things for the Gotham community.<\/p><\/blockquote>\n<!-- \/wp:quote -->\n\n<!-- wp:paragraph -->\n<p>As a new WordPress user, you should go to <a href=\"https:\/\/wordpress.rolandriedel.de\/wp-admin\/\">your dashboard<\/a> to delete this page and create new pages for your content. Have fun!<\/p>\n<!-- \/wp:paragraph -->","_et_gb_content_width":"","footnotes":""},"class_list":["post-2","page","type-page","status-publish","hentry"],"_links":{"self":[{"href":"https:\/\/www.rolandriedel.de\/index.php\/wp-json\/wp\/v2\/pages\/2","targetHints":{"allow":["GET"]}}],"collection":[{"href":"https:\/\/www.rolandriedel.de\/index.php\/wp-json\/wp\/v2\/pages"}],"about":[{"href":"https:\/\/www.rolandriedel.de\/index.php\/wp-json\/wp\/v2\/types\/page"}],"author":[{"embeddable":true,"href":"https:\/\/www.rolandriedel.de\/index.php\/wp-json\/wp\/v2\/users\/1"}],"replies":[{"embeddable":true,"href":"https:\/\/www.rolandriedel.de\/index.php\/wp-json\/wp\/v2\/comments?post=2"}],"version-history":[{"count":56,"href":"https:\/\/www.rolandriedel.de\/index.php\/wp-json\/wp\/v2\/pages\/2\/revisions"}],"predecessor-version":[{"id":825,"href":"https:\/\/www.rolandriedel.de\/index.php\/wp-json\/wp\/v2\/pages\/2\/revisions\/825"}],"wp:attachment":[{"href":"https:\/\/www.rolandriedel.de\/index.php\/wp-json\/wp\/v2\/media?parent=2"}],"curies":[{"name":"wp","href":"https:\/\/api.w.org\/{rel}","templated":true}]}}