{"id":430,"date":"2019-08-29T07:44:17","date_gmt":"2019-08-29T07:44:17","guid":{"rendered":"https:\/\/wordpress.rolandriedel.de\/?page_id=430"},"modified":"2026-04-10T09:41:31","modified_gmt":"2026-04-10T09:41:31","slug":"garten-und-landschaftsbau-riedel-berlin","status":"publish","type":"page","link":"https:\/\/www.rolandriedel.de\/index.php\/garten-und-landschaftsbau-riedel-berlin\/","title":{"rendered":"Ausbildung"},"content":{"rendered":"<p>[et_pb_section fb_built=&#8220;1&#8243; admin_label=&#8220;Testimonials&#8220; _builder_version=&#8220;3.27.2&#8243; custom_margin=&#8220;|0px||&#8220; custom_padding=&#8220;0px|0px|0|0px|false|false&#8220;][et_pb_row use_custom_gutter=&#8220;on&#8220; gutter_width=&#8220;1&#8243; make_equal=&#8220;on&#8220; padding_top_bottom_link_1=&#8220;true&#8220; padding_top_bottom_link_2=&#8220;true&#8220; padding_left_right_link_1=&#8220;true&#8220; padding_left_right_link_2=&#8220;true&#8220; module_class=&#8220; et_pb_row_fullwidth&#8220; _builder_version=&#8220;4.2.2&#8243; width_tablet=&#8220;100%&#8220; width_phone=&#8220;&#8220; width_last_edited=&#8220;on|desktop&#8220; max_width=&#8220;100%&#8220; max_width_tablet=&#8220;100%&#8220; max_width_phone=&#8220;&#8220; max_width_last_edited=&#8220;on|desktop&#8220; custom_margin=&#8220;|||&#8220; custom_padding=&#8220;0px||0px||true|&#8220; make_fullwidth=&#8220;on&#8220;][et_pb_column type=&#8220;4_4&#8243; _builder_version=&#8220;4.2.2&#8243; background_color=&#8220;rgba(0,0,0,0)&#8220; custom_padding=&#8220;30px|0px|0px|0px|false|false&#8220; custom_padding_tablet=&#8220;|||2vw&#8220; custom_padding_phone=&#8220;|2vw||2vw&#8220; custom_padding_last_edited=&#8220;off|desktop&#8220; padding_phone=&#8220;|2vw||2vw&#8220; padding_tablet=&#8220;|||2vw&#8220; padding_last_edited=&#8220;off|desktop&#8220; custom_padding__hover=&#8220;|||&#8220;][et_pb_text _builder_version=&#8220;4.2.2&#8243; text_font=&#8220;||||||||&#8220; text_font_size=&#8220;16px&#8220; text_line_height=&#8220;2em&#8220; header_2_font=&#8220;Cormorant Garamond|700|||||||&#8220; header_2_font_size=&#8220;52px&#8220; header_2_line_height=&#8220;1.2em&#8220; custom_margin=&#8220;||-2px|||&#8220; custom_padding=&#8220;|51px|4px|48px||&#8220; text_font_size_tablet=&#8220;&#8220; text_font_size_phone=&#8220;14px&#8220; text_font_size_last_edited=&#8220;on|phone&#8220; header_2_font_size_tablet=&#8220;42px&#8220; header_2_font_size_phone=&#8220;32px&#8220; header_2_font_size_last_edited=&#8220;on|desktop&#8220; locked=&#8220;off&#8220;]<\/p>\n<h2 style=\"text-align: center;\"><span color=\"#ffffff\" style=\"color: #000000;\">Wir bilden Landschaftsg\u00e4rtner aus<\/span><\/h2>\n<ul><\/ul>\n<p>[\/et_pb_text][\/et_pb_column][\/et_pb_row][et_pb_row _builder_version=&#8220;4.7.7&#8243; _module_preset=&#8220;default&#8220;][et_pb_column type=&#8220;4_4&#8243; _builder_version=&#8220;4.7.7&#8243; _module_preset=&#8220;default&#8220;][et_pb_image src=&#8220;https:\/\/www.rolandriedel.de\/wp-content\/uploads\/2020\/10\/gesamt.jpg&#8220; title_text=&#8220;gesamt&#8220; _builder_version=&#8220;4.7.7&#8243; _module_preset=&#8220;default&#8220; min_height=&#8220;320px&#8220; hover_enabled=&#8220;0&#8243; sticky_enabled=&#8220;0&#8243;][\/et_pb_image][\/et_pb_column][\/et_pb_row][et_pb_row _builder_version=&#8220;4.7.7&#8243; _module_preset=&#8220;default&#8220;][et_pb_column type=&#8220;4_4&#8243; _builder_version=&#8220;4.7.7&#8243; _module_preset=&#8220;default&#8220;][et_pb_text _builder_version=&#8220;4.7.7&#8243; _module_preset=&#8220;default&#8220;]<\/p>\n<h3><strong>Du interessierst Dich f\u00fcr den Beruf des Landschaftsg\u00e4rtners oder ein duales Studium?<\/strong><\/h3>\n<p><strong><\/strong><\/p>\n<p>Dann lerne ihn fr\u00fchzeitig kennen, z. B. durch ein Praktikum!<br \/> Was bringt Dir das? Eine ganze Menge!<\/p>\n<p>Zun\u00e4chst einmal liest Du nicht nur \u00fcber den Beruf oder bekommst etwas dar\u00fcber berichtet, sondern Du erlebst ihn hautnah!<\/p>\n<p>Mittendrin im Berufsgeschehen findest Du schnell heraus, ob bestimmte T\u00e4tigkeiten etwas f\u00fcr Dich sind oder nicht! Ein Praktikum hilft Dir au\u00dferdem Deine St\u00e4rken und Schw\u00e4chen zu erkennen und kommt ganz nebenbei auch beim Arbeitgeber gut an. Wenn Du dich in Deinem Traumjob um eine Ausbildungsstelle bewirbst und vorher schon erste praktische Erfahrungen gesammelt hast, zeigt das, dass Du auf Deinen Berufswunsch vorbereitet bist!<br \/> Die Firma Roland Riedel ist seit dem Jahre 2000 anerkannter Ausbildungsbetrieb. Seit dieser Zeit haben viele Auszubildende ihre Lehre erfolgreich abgeschlossen. Einige ehemalige Auszubildende arbeiten heute noch bei uns. Mancher hat sich sogar selbst\u00e4ndig gemacht oder sein Interesse am Beruf durch ein Studium untermauert.<\/p>\n<p>Wir sind an Deiner beruflichen Entwicklung interessiert. Daher unterst\u00fctzen wir Dich in Deiner Ausbildung in vielen Bereichen. Zum Beispiel nehmen unsere Auszubildenden regelm\u00e4\u00dfig an dem j\u00e4hrlich stattfindenden Landschaftsg\u00e4rtner-Cup teil. Auszubildende unserer Firma haben sich dabei schon mehrmals f\u00fcr die Bundesausscheidung qualifizieren k\u00f6nnen. Zuletzt qualifizierte sich unser Team 2018 f\u00fcr die Deutschen Meisterschaften.<br \/> Aktuell sind 4 Auszubildende\u00a0 &#8211; 1 weibliche und 2 m\u00e4nnlichen &#8211; und eine Dualstudentin bei uns besch\u00e4ftigt.<\/p>\n<p>Neben der klassischen Lehre zum Beruf des G\u00e4rtners, Fachrichtung Garten- und Landschaftsbau, kannst Du bei uns auch studieren. Mit dem <em>dualen Studium<\/em> <em>\u2018Landschaftsbau und Gr\u00fcnfl\u00e4chenmanagement<\/em>\u2018 kannst Du in vier Jahren einen Bachelor-Abschluss erreichen.<\/p>\n<p>Egal, ob Du studierst oder die dreij\u00e4hrige Ausbildung absolvierst:<br \/> Deine Berufschancen sind bestens.<\/p>\n<p>Wir freuen uns auf Dich!<\/p>\n<p>[\/et_pb_text][\/et_pb_column][\/et_pb_row][\/et_pb_section]<\/p>\n","protected":false},"excerpt":{"rendered":"<p>[et_pb_section fb_built=&#8220;1&#8243; admin_label=&#8220;Testimonials&#8220; _builder_version=&#8220;3.27.2&#8243; custom_margin=&#8220;|0px||&#8220; custom_padding=&#8220;0px|0px|0|0px|false|false&#8220;][et_pb_row use_custom_gutter=&#8220;on&#8220; gutter_width=&#8220;1&#8243; make_equal=&#8220;on&#8220; padding_top_bottom_link_1=&#8220;true&#8220; padding_top_bottom_link_2=&#8220;true&#8220; padding_left_right_link_1=&#8220;true&#8220; padding_left_right_link_2=&#8220;true&#8220; module_class=&#8220; et_pb_row_fullwidth&#8220; _builder_version=&#8220;4.2.2&#8243; width_tablet=&#8220;100%&#8220; width_phone=&#8220;&#8220; width_last_edited=&#8220;on|desktop&#8220; max_width=&#8220;100%&#8220; max_width_tablet=&#8220;100%&#8220; max_width_phone=&#8220;&#8220; max_width_last_edited=&#8220;on|desktop&#8220; custom_margin=&#8220;|||&#8220; custom_padding=&#8220;0px||0px||true|&#8220; make_fullwidth=&#8220;on&#8220;][et_pb_column type=&#8220;4_4&#8243; _builder_version=&#8220;4.2.2&#8243; background_color=&#8220;rgba(0,0,0,0)&#8220; custom_padding=&#8220;30px|0px|0px|0px|false|false&#8220; custom_padding_tablet=&#8220;|||2vw&#8220; custom_padding_phone=&#8220;|2vw||2vw&#8220; custom_padding_last_edited=&#8220;off|desktop&#8220; padding_phone=&#8220;|2vw||2vw&#8220; padding_tablet=&#8220;|||2vw&#8220; padding_last_edited=&#8220;off|desktop&#8220; custom_padding__hover=&#8220;|||&#8220;][et_pb_text _builder_version=&#8220;4.2.2&#8243; text_font=&#8220;||||||||&#8220; text_font_size=&#8220;16px&#8220; text_line_height=&#8220;2em&#8220; header_2_font=&#8220;Cormorant Garamond|700|||||||&#8220; header_2_font_size=&#8220;52px&#8220; header_2_line_height=&#8220;1.2em&#8220; custom_margin=&#8220;||-2px|||&#8220; custom_padding=&#8220;|51px|4px|48px||&#8220; text_font_size_tablet=&#8220;&#8220; text_font_size_phone=&#8220;14px&#8220; text_font_size_last_edited=&#8220;on|phone&#8220; header_2_font_size_tablet=&#8220;42px&#8220; header_2_font_size_phone=&#8220;32px&#8220; header_2_font_size_last_edited=&#8220;on|desktop&#8220; locked=&#8220;off&#8220;] Wir [&hellip;]<\/p>\n","protected":false},"author":2,"featured_media":0,"parent":0,"menu_order":0,"comment_status":"closed","ping_status":"closed","template":"","meta":{"_et_pb_use_builder":"on","_et_pb_old_content":"<!-- wp:paragraph -->\n<p>This is an example page. It's different from a blog post because it will stay in one place and will show up in your site navigation (in most themes). Most people start with an About page that introduces them to potential site visitors. It might say something like this:<\/p>\n<!-- \/wp:paragraph -->\n\n<!-- wp:quote -->\n<blockquote class=\"wp-block-quote\"><p>Hi there! I'm a bike messenger by day, aspiring actor by night, and this is my website. I live in Los Angeles, have a great dog named Jack, and I like pi&#241;a coladas. (And gettin' caught in the rain.)<\/p><\/blockquote>\n<!-- \/wp:quote -->\n\n<!-- wp:paragraph -->\n<p>...or something like this:<\/p>\n<!-- \/wp:paragraph -->\n\n<!-- wp:quote -->\n<blockquote class=\"wp-block-quote\"><p>The XYZ Doohickey Company was founded in 1971, and has been providing quality doohickeys to the public ever since. Located in Gotham City, XYZ employs over 2,000 people and does all kinds of awesome things for the Gotham community.<\/p><\/blockquote>\n<!-- \/wp:quote -->\n\n<!-- wp:paragraph -->\n<p>As a new WordPress user, you should go to <a href=\"https:\/\/wordpress.rolandriedel.de\/wp-admin\/\">your dashboard<\/a> to delete this page and create new pages for your content. Have fun!<\/p>\n<!-- \/wp:paragraph -->","_et_gb_content_width":"","footnotes":""},"class_list":["post-430","page","type-page","status-publish","hentry"],"_links":{"self":[{"href":"https:\/\/www.rolandriedel.de\/index.php\/wp-json\/wp\/v2\/pages\/430","targetHints":{"allow":["GET"]}}],"collection":[{"href":"https:\/\/www.rolandriedel.de\/index.php\/wp-json\/wp\/v2\/pages"}],"about":[{"href":"https:\/\/www.rolandriedel.de\/index.php\/wp-json\/wp\/v2\/types\/page"}],"author":[{"embeddable":true,"href":"https:\/\/www.rolandriedel.de\/index.php\/wp-json\/wp\/v2\/users\/2"}],"replies":[{"embeddable":true,"href":"https:\/\/www.rolandriedel.de\/index.php\/wp-json\/wp\/v2\/comments?post=430"}],"version-history":[{"count":82,"href":"https:\/\/www.rolandriedel.de\/index.php\/wp-json\/wp\/v2\/pages\/430\/revisions"}],"predecessor-version":[{"id":1298,"href":"https:\/\/www.rolandriedel.de\/index.php\/wp-json\/wp\/v2\/pages\/430\/revisions\/1298"}],"wp:attachment":[{"href":"https:\/\/www.rolandriedel.de\/index.php\/wp-json\/wp\/v2\/media?parent=430"}],"curies":[{"name":"wp","href":"https:\/\/api.w.org\/{rel}","templated":true}]}}